{"id":47,"date":"2019-05-26T08:28:28","date_gmt":"2019-05-26T08:28:28","guid":{"rendered":"http:\/\/zeplin-grabmale.de\/?page_id=47"},"modified":"2025-01-03T07:35:33","modified_gmt":"2025-01-03T07:35:33","slug":"impressum-datenschutz","status":"publish","type":"page","link":"http:\/\/zeplin-grabmale.de\/?page_id=47","title":{"rendered":"Impressum\/ Datenschutz"},"content":{"rendered":"<h3>Impressum\/ Datenschutz<\/h3>\n<p>Steinmetzmeister Hans &#8211; Hermann Zeplin<br \/>\nSchillerstra\u00dfe 6<br \/>\n38486 Kl\u00f6tze<br \/>\nTel: + 49 3909 2211<\/p>\n<p>Gesch\u00e4ftsf\u00fchrer: Hans- Hermann Zeplin<\/p>\n<p>Email: info@zeplin-grabmale.de<\/p>\n<p>Steuernummer: DE 139484558<\/p>\n<p>USt.-ID-Nr: DE139484558<\/p>\n<p><strong><em>Haftungsausschluss<\/em><\/strong><\/p>\n<p>Die Firma Hans- Hermann Zeplin bem\u00fcht sich im Rahmen des Zumutbaren, auf dieser Website richtige und vollst\u00e4ndige Informationen zur Verf\u00fcgung zu stellen. Es wird jedoch keine Haftung oder Garantie f\u00fcr die Aktualit\u00e4t, Richtigkeit und Vollst\u00e4ndigkeit der auf dieser Website bereitgestellten Informationen gegeben. Dies gilt auch f\u00fcr alle Verbindungen (\u201aLinks\u2018), auf die diese Website direkt oder indirekt verweist.<\/p>\n<p>Die Firma Hans- Hermann Zeplin haftet nicht f\u00fcr direkte oder indirekte Sch\u00e4den, einschlie\u00dflich entgangenen Gewinns, die aufgrund von oder sonst wie in Verbindung mit Informationen entstehen, die auf dieser Website bereitgehalten werden.<\/p>\n<p><strong><em>Copyright \/ Marken<\/em><\/strong><\/p>\n<p>Alle Bilder, Grafiken, Texte und weitere hier ver\u00f6ffentlichte Informationen sowie deren Gestaltung unterliegen einem urheberrechtlichen Schutz.\u00a0Grunds\u00e4tzlich ist nur die Firma Hans- Hermann Zeplin zur Verwendung dieser gesch\u00fctzten Inhalte berechtigt, wenn nicht anders angegeben.\u00a0Eine Wiedergabe und\/oder Reproduktion ist nur mit schriftlicher Genehmigung der Firma Hans- Hermann Zeplin zul\u00e4ssig.<\/p>\n<p>Insbesondere ist es nur zul\u00e4ssig, Bilder oder Aufmachungen von dieser Homepage zu kopieren und f\u00fcr eigene Zwecke zu verwenden, wenn die Quellenangabe klar und deutlich sichtbar gemacht wird.<\/p>\n<h3>Datenschutz<\/h3>\n<p><strong><em>Informationspflicht nach der Datenschutzgrundverordnung<\/em><\/strong><\/p>\n<p>Datenschutz ist uns ein besonders Anliegen. Ab dem 25. Mai 2018 ist die Datenschutzgrundverordnung (DSGVO) in allen EU-Mitgliedsstaaten g\u00fcltig. Mit den hier folgenden Informationen m\u00f6chten wir Ihnen einen \u00dcberblick \u00fcber die Verarbeitung Ihrer personenbezogenen Daten durch uns geben. Auch wenn Datenschutz f\u00fcr uns nicht neu ist, gibt es dennoch einige neue Bestimmungen, die uns zu dieser Information veranlasst haben.<\/p>\n<p><strong>Wichtig: Sie m\u00fcssen nichts tun.<\/strong><\/p>\n<p>Diese Informationen dienen dazu, Ihre Rechte als betroffene Person beim Datenschutz zu erl\u00e4utern. An den bestehenden Vertr\u00e4gen mit Ihnen \u00e4ndert sich nichts. Wie das bisher schon der Fall war, verwenden wir Ihre Daten lediglich dazu die Vertr\u00e4ge mit Ihnen als unsere Kunden abzuschlie\u00dfen, zu erf\u00fcllen, die Gew\u00e4hrleistung erf\u00fcllen zu k\u00f6nnen und Ihre W\u00fcnsche und Anforderungen umzusetzen.<\/p>\n<p>Die Datenschutzgesetze verpflichten uns, Ihnen einige Informationen zum Datenschutz zu erteilen.<\/p>\n<p><strong><em>Wer ist f\u00fcr die Datenverarbeitung verantwortlich?<\/em><\/strong><\/p>\n<p>Wir sind sogenannter Verantwortlicher f\u00fcr die Verarbeitung der personenbezogenen Daten:<\/p>\n<p>Firma: Hans- Hermann Zeplin\/ Steinmetzmeister<br \/>\nvertreten durch: Herrn Hans- Hermann Zeplin<br \/>\nAnschrift: Schillerstrasse 6, 38486 Kl\u00f6tze<br \/>\nKontaktdaten: 03909\/2211 \/ info@zeplin-grabmale.de<\/p>\n<p><strong><em>Unseren Datenschutzbeauftragten erreichen Sie unter:<\/em><\/strong><\/p>\n<p>Firma: Hans- Hermann Zeplin\/ Steinmetzmeister<br \/>\nName: Ina Zeplin<br \/>\nAnschrift: Schillerstra\u00dfe 6, 38486 Kl\u00f6tze<br \/>\nEmail: info@zeplin-grabmale.de<\/p>\n<p><strong><em>F\u00fcr welche Zwecke werden Ihre Daten verarbeitet und welche Rechtsgrundlage erlaubt uns diese Verarbeitung?<\/em><\/strong><\/p>\n<p>a. Vertragsanbahnung, -begleitung, -erf\u00fcllung (Art. 6 Abs. 1 b DSGVO).<\/p>\n<p>Um einen Vertrag mit Ihnen vorbereiten und durchf\u00fchren zu k\u00f6nnen (einschlie\u00dflich Erbringen der Dienstleistung bzw. Lieferung und Abrechnung), ben\u00f6tigen wir personenbezogene Daten von Ihnen. Dies sind beispielsweise Ihr Name und die Adresse sowie Daten zur Zahlung der Rechnungen. Diese Daten d\u00fcrfen wir laut Art. 6 Abs. 1b DSGVO verarbeiten.<\/p>\n<p>Au\u00dferdem gibt es gesetzliche Aufbewahrungsfristen, an die wir uns halten m\u00fcssen. Rechtsgrundlage hierf\u00fcr ist z.B. \u00a7 257 HGB, \u00a7 147 AO auf Grundlage des Art.6 Abs.1 c DSGVO.<\/p>\n<ol>\n<li>Datenverarbeitung aus berechtigtem Interesse (Art. 6 Abs. 1 f DSGVO)<\/li>\n<\/ol>\n<p>Der Gesetzgeber erlaubt uns ausdr\u00fccklich, f\u00fcr unsere berechtigten Interessen weitere Daten zu verarbeiten. Das tun wir unter anderem f\u00fcr folgende Zwecke:<\/p>\n<ul>\n<li>Ma\u00dfnahmen zur Verbesserung und Entwicklung von Services und Produkten durchzuf\u00fchren, um Ihnen eine kundenindividuelle Ansprache mit ma\u00dfgeschneiderten Angeboten und Produkten anbieten zu k\u00f6nnen.<\/li>\n<li>Markt- und Meinungsforschung durchzuf\u00fchren bzw. von Markt- und Meinungsforschungsinstituten durchf\u00fchren zu lassen. Dadurch verschaffen wir uns einen \u00dcberblick \u00fcber Transparenz und Qualit\u00e4t unserer Produkte, Dienstleistungen und Kommunikation und k\u00f6nnen diese im Sinne unserer Kunden ausrichten bzw. gestalten<\/li>\n<li>Ermittlung von Bonit\u00e4ts- bzw. Zahlungsausfallrisiken \u00fcber Auskunfteien (z.B. Schufa, Creditreform) bei Onlinevertr\u00e4gen<\/li>\n<li>Rechtliche Anspr\u00fcche geltend zu machen<\/li>\n<li>Verteidigung bei rechtlichen Streitigkeiten<\/li>\n<li>Aufkl\u00e4rung von Straftaten<\/li>\n<li>Adressermittlung durchzuf\u00fchren<\/li>\n<li>Ihre Daten anonymisiert zu Analysezwecken zu verwenden<\/li>\n<\/ul>\n<ol>\n<li>Datenverarbeitung aufgrund gesetzlicher Vorgaben (Art. 6 Abs. 1 c DSGVO) oder im \u00f6ffentlichen Interessen (Art. 6 Abs. 1 e DSGVO)<\/li>\n<\/ol>\n<p>Als Unternehmen unterliegen wir diversen gesetzlichen wie auch beh\u00f6rdlichen Verpflichtungen (z.B. Steuergesetze, Handelsgesetzbuch), die eine Verarbeitung Ihrer Daten zur Gesetzeserf\u00fcllung erforderlich machen.<\/p>\n<p><strong><em>Geben wir die Daten an andere Stellen weiter?<\/em><\/strong><\/p>\n<p>Intern, also innerhalb unseres Unternehmens, geben wir die Daten an diejenigen Personen weiter, die diese zur Erf\u00fcllung der vertraglichen und gesetzlichen Pflichten ben\u00f6tigen. Das gilt auch f\u00fcr Dienstleister und Erf\u00fcllungsgehilfen, die wir einsetzen, um die Aufgaben sachgerecht erledigen zu k\u00f6nnen. Ihre Daten werden von uns an Dritte nur weitergegeben, wenn wir daf\u00fcr eine eindeutige Rechtsgrundlage haben, gesetzliche Bestimmungen dies fordern, Sie eingewilligt haben oder wir dazu in anderer Weise berechtigt sind.<\/p>\n<p>Folgende Empf\u00e4nger k\u00f6nnten Daten von uns bekommen: Versanddienstleister, Inkassodienstleister, Finanz- und Steuerbeh\u00f6rden, Polizei und Ermittlungsbeh\u00f6rden (mit vorliegender Rechtsgrundlage), Beh\u00f6rdliche Stellen (sofern \u00dcbermittlung gesetzlich vorgeschrieben), Versicherungen, Banken und Kreditinstitute (Zahlungsabwicklung), Marktpartner, Wirtschaftspr\u00fcfer, und Internetagenturen, Meinungsforschungsinstitute, Druckdienstleister, Auskunfteien, Anw\u00e4lte, Auditoren.<\/p>\n<p>\u00dcbermittlungen, zu denen wir rechtlich verpflichtet sind, erfolgen gem\u00e4\u00df den geltenden rechtlichen Bestimmungen.<\/p>\n<p>\u00dcbermittlungen auf der Grundlage von Artikel 6 Absatz 1 Buchstabe f DSGVO (berechtigte Interessen des Verantwortlichen) d\u00fcrfen nur erfolgen, soweit dies gem\u00e4\u00df DSGVO zur Wahrung unserer berechtigten Interessen oder Dritter erforderlich ist. Au\u00dferdem pr\u00fcft unser Datenschutzbeauftragter, ob nicht Ihre Interessen oder Grundrechte und Grundfreiheiten \u00fcberwiegen. Sollte das der Fall sein, verbleiben die Daten bei uns und es erfolgt keine Weitergabe.<\/p>\n<p><strong><em>Wie lange werden die Daten von uns gespeichert?<\/em><\/strong><\/p>\n<p>Ihre Daten werden erstmals ab dem Zeitpunkt der Erhebung, soweit Sie oder ein Dritter uns diese mitteilen, verarbeitet. Wir l\u00f6schen Ihre personenbezogenen Daten, wenn das Vertragsverh\u00e4ltnis mit Ihnen beendet ist, s\u00e4mtliche gegenseitigen Anspr\u00fcche erf\u00fcllt sind und keine anderweitigen gesetzlichen Aufbewahrungspflichten oder gesetzlichen Rechtfertigungsgr\u00fcnde f\u00fcr die Speicherung bestehen. Dabei handelt es sich unter anderem um Aufbewahrungspflichten aus dem Handelsgesetzbuch (HGB) und der Abgabenordnung (AO). Sp\u00e4testens nach Ablauf der gesetzlichen Aufbewahrungspflichten, in der Regel sind das 10 Jahre nach Vertragsende, werden wir Ihre personenbezogenen Daten l\u00f6schen.<\/p>\n<p><strong><em>Wir verarbeiten Daten aufgrund Ihrer Einwilligung (Art. 6 Abs. 1a DSGVO)<\/em><\/strong><\/p>\n<p>Soweit Sie uns eine Einwilligung zur Verarbeitung Ihrer Daten f\u00fcr bestimmte Zwecke erteilt haben (z.B. f\u00fcr Marketingzwecke), ist die Rechtm\u00e4\u00dfigkeit dieser Verarbeitung hier\u00fcber gegeben. Sie k\u00f6nnen Ihre Einwilligung jederzeit mit Wirkung f\u00fcr die Zukunft widerrufen.<\/p>\n<p><strong><em>Daten\u00fcbermittlung an Drittstaaten<\/em><\/strong><\/p>\n<p>Eine \u00dcbermittlung an Drittstaaten findet derzeit nicht statt.<\/p>\n<p><strong><em>Findet eine Profilbildung statt?<\/em><\/strong><\/p>\n<p>Es findet kein Profiling statt.<\/p>\n<p><strong><em>Welche Rechte im Zusammenhang mit der Verarbeitung Ihrer Daten haben Sie?<\/em><\/strong><\/p>\n<p>Sie haben uns gegen\u00fcber folgende Rechte hinsichtlich Ihrer personenbezogenen Daten:<\/p>\n<ul>\n<li>Recht auf Auskunft \u00fcber Ihre gespeicherten personenbezogenen Daten (Art. 15 DSGVO),<\/li>\n<li>Recht auf Berichtigung, wenn die Sie betreffenden gespeicherten Daten fehlerhaft, veraltet oder auf andere Weise unrichtig sind (Art. 16 DSGVO),<\/li>\n<li>Recht auf L\u00f6schung, wenn die Speicherung unzul\u00e4ssig ist, der Zweck der Verarbeitung erf\u00fcllt und die Speicherung daher nicht mehr erforderlich ist oder Sie eine erteilte Einwilligung zur Verarbeitung bestimmter personenbezogener Daten widerrufen haben (Art. 17 DSGVO),<\/li>\n<li>Recht auf Einschr\u00e4nkung der Verarbeitung, wenn eine der in Art. 18 Abs.\u00a01 a) bis d) DSGVO genannten Voraussetzungen gegeben ist (Art.18 DSGVO),<\/li>\n<li>Recht auf \u00dcbertragung der von Ihnen bereitgestellten, Sie betreffenden personenbezogenen Daten (Art.\u00a020 DSGVO),<\/li>\n<li>Recht auf Widerruf einer erteilten Einwilligung, wobei der Widerruf die Rechtm\u00e4\u00dfigkeit der bis dahin aufgrund der Einwilligung erfolgten Verarbeitung nicht ber\u00fchrt (Art. 7 Abs. 3 DSGVO)<\/li>\n<li>Recht auf Beschwerde bei einer Aufsichtsbeh\u00f6rde (Art. 77 DSGVO).<\/li>\n<\/ul>\n<p><strong><em>Widerspruchsrecht gem\u00e4\u00df Art. 21 DSGVO<\/em><\/strong><\/p>\n<p>Sofern wir eine Verarbeitung von Daten zur Wahrung unserer berechtigten Interessen vornehmen, haben Sie aus Gr\u00fcnden, die sich aus Ihrer besonderen Situation ergeben, jederzeit das Recht, gegen diese Verarbeitung Widerspruch einzulegen. Das umfasst auch das Recht Widerspruch gegen die Verarbeitung zu Werbezwecken einzulegen. Wenden Sie sich hierf\u00fcr bitte direkt an uns unter der oben genannten Adresse des Verantwortlichen f\u00fcr die Datenverarbeitung.<\/p>\n<p><strong><em>Verwendung von Cookies<\/em><\/strong><\/p>\n<p>Auf unserer Webseite setzen wir sog. Cookies ein. Cookies (Kekse, Pl\u00e4tzchen) sind kleine Dateien, die auf Ihrem Datentr\u00e4ger gespeichert werden und die bestimmte Einstellungen und Daten zum Austausch mit unserem System \u00fcber Ihren Browser speichern. Diese Speicherung hilft uns, die Webseite f\u00fcr Sie entsprechend zu gestalten und erleichtert Ihnen die Nutzung, indem beispielsweise bestimmte Eingaben von Ihnen so gespeichert werden, dass Sie sie nicht st\u00e4ndig wiederholen m\u00fcssen. Ihr Browser erlaubt Ihnen einschr\u00e4nkende Einstellungen zur Nutzung von Cookies, wobei diese dazu f\u00fchren k\u00f6nnen, dass unser Angebot f\u00fcr Sie nicht mehr bzw. eingeschr\u00e4nkt funktioniert. Cookies k\u00f6nnen dort auch gel\u00f6scht werden.<\/p>\n<p><strong><em>Sitzungs-Cookies<\/em><\/strong><\/p>\n<p>Die Sitzungscookies (auch Sessioncookies genannt) werden nach dem Schlie\u00dfen Ihres Browsers wieder gel\u00f6scht.<\/p>\n<p><strong><em>Langzeit-Cookies<\/em><\/strong><\/p>\n<p>Es werden bei uns Cookies eingesetzt, die auf der Festplatte bei Ihnen verbleiben. Die Verfallszeit ist f\u00fcr Ihre Bequemlichkeit auf ein Datum in der Zukunft eingestellt. Bei einem weiteren Besuch wird dann automatisch erkannt, dass Sie bereits bei uns waren und welche Eingaben und Einstellungen Sie bevorzugen. (sog. Langzeit-Cookies).<\/p>\n<p><strong><em>Google Analytics<\/em><\/strong><\/p>\n<p>Diese Website nutzt den Dienst \u201eGoogle Analytics\u201c, welcher von der Google Inc. (1600 Amphitheatre Parkway Mountain View, CA 94043, USA) angeboten wird, zur Analyse der Websitebenutzung durch Nutzer. Der Dienst verwendet \u201eCookies\u201c \u2013 Textdateien, welche auf Ihrem Endger\u00e4t gespeichert werden. Die durch die Cookies gesammelten Informationen werden im Regelfall an einen Google-Server in den USA gesandt und dort gespeichert.<\/p>\n<p>Auf dieser Website greift die IP-Anonymisierung. Die IP-Adresse der Nutzer wird innerhalb der Mitgliedsstaaten der EU und des Europ\u00e4ischen Wirtschaftsraum gek\u00fcrzt. Durch diese K\u00fcrzung entf\u00e4llt der Personenbezug Ihrer IP-Adresse. Im Rahmen der Vereinbarung zur Auftragsdatenvereinbarung, welche die Websitebetreiber mit der Google Inc. geschlossen haben, erstellt diese mithilfe der gesammelten Informationen eine Auswertung der Websitenutzung und der Websiteaktivit\u00e4t und erbringt mit der Internetnutzung verbundene Dienstleistungen.<\/p>\n<p>Sie haben die M\u00f6glichkeit, die Speicherung des Cookies auf Ihrem Ger\u00e4t zu verhindern, indem Sie in Ihrem Browser entsprechende Einstellungen vornehmen. Es ist nicht gew\u00e4hrleistet, dass Sie auf alle Funktionen dieser Website ohne Einschr\u00e4nkungen zugreifen k\u00f6nnen, wenn Ihr Browser keine Cookies zul\u00e4sst. Weiterhin k\u00f6nnen Sie durch ein Browser-Plugin verhindern, dass die durch Cookies gesammelten Informationen (inklusive Ihrer IP-Adresse) an die Google Inc. gesendet und von der Google Inc. genutzt werden. Folgender Link f\u00fchrt Sie zu dem entsprechenden Plugin: https:\/\/tools.google.com\/dlpage\/gaoptout?hl=de<\/p>\n<p>Alternativ verhindern Sie mit einem Klick auf diesen Link, dass Google Analytics innerhalb dieser Website Daten \u00fcber Sie erfasst. Mit dem Klick auf obigen Link laden Sie ein \u201eOpt-Out-Cookie\u201c herunter. Ihr Browser muss die Speicherung von Cookies also hierzu grunds\u00e4tzlich erlauben. L\u00f6schen Sie Ihre Cookies regelm\u00e4\u00dfig, ist ein erneuter Klick auf den Link bei jedem Besuch dieser Website vonn\u00f6ten.<\/p>\n<p>Hier finden Sie weitere Informationen zur Datennutzung durch die Google Inc.: https:\/\/support.google.com\/analytics\/answer\/6004245?hl=de<\/p>\n<p>Sehr gerne stehen wir f\u00fcr alle Fragen zur Einhaltung des Datenschutzes zur Verf\u00fcgung.<\/p>\n<p>Ihre Firma Hans- Hermann Zeplin<\/p>\n","protected":false},"excerpt":{"rendered":"<p>Impressum\/ Datenschutz Steinmetzmeister Hans &#8211; Hermann Zeplin Schillerstra\u00dfe 6 38486 Kl\u00f6tze Tel: + 49 3909 2211 Gesch\u00e4ftsf\u00fchrer: Hans- Hermann Zeplin Email: info@zeplin-grabmale.de Steuernummer: DE 139484558 USt.-ID-Nr: DE139484558 Haftungsausschluss Die Firma Hans- Hermann Zeplin bem\u00fcht sich im Rahmen des Zumutbaren, auf dieser Website richtige und vollst\u00e4ndige Informationen zur Verf\u00fcgung zu stellen. Es wird jedoch keine Haftung oder Garantie f\u00fcr die Aktualit\u00e4t, Richtigkeit und Vollst\u00e4ndigkeit der auf dieser Website bereitgestellten Informationen gegeben.&hellip;<\/p>\n","protected":false},"author":1,"featured_media":0,"parent":0,"menu_order":0,"comment_status":"closed","ping_status":"closed","template":"","meta":[],"_links":{"self":[{"href":"http:\/\/zeplin-grabmale.de\/index.php?rest_route=\/wp\/v2\/pages\/47"}],"collection":[{"href":"http:\/\/zeplin-grabmale.de\/index.php?rest_route=\/wp\/v2\/pages"}],"about":[{"href":"http:\/\/zeplin-grabmale.de\/index.php?rest_route=\/wp\/v2\/types\/page"}],"author":[{"embeddable":true,"href":"http:\/\/zeplin-grabmale.de\/index.php?rest_route=\/wp\/v2\/users\/1"}],"replies":[{"embeddable":true,"href":"http:\/\/zeplin-grabmale.de\/index.php?rest_route=%2Fwp%2Fv2%2Fcomments&post=47"}],"version-history":[{"count":12,"href":"http:\/\/zeplin-grabmale.de\/index.php?rest_route=\/wp\/v2\/pages\/47\/revisions"}],"predecessor-version":[{"id":539,"href":"http:\/\/zeplin-grabmale.de\/index.php?rest_route=\/wp\/v2\/pages\/47\/revisions\/539"}],"wp:attachment":[{"href":"http:\/\/zeplin-grabmale.de\/index.php?rest_route=%2Fwp%2Fv2%2Fmedia&parent=47"}],"curies":[{"name":"wp","href":"https:\/\/api.w.org\/{rel}","templated":true}]}}