{"id":34,"date":"2019-05-26T08:28:28","date_gmt":"2019-05-26T08:28:28","guid":{"rendered":"http:\/\/zeplin-grabmale.de\/?page_id=34"},"modified":"2019-05-26T09:39:14","modified_gmt":"2019-05-26T09:39:14","slug":"restaurierung","status":"publish","type":"page","link":"http:\/\/zeplin-grabmale.de\/?page_id=34","title":{"rendered":"Restaurierung"},"content":{"rendered":"<h3>Erhaltung &#8211; Rekonstruktion &#8211; Restaurierung historischer Baudenkm\u00e4ler<\/h3>\n<p>Die Arbeit mit Sandstein, als historisches Baumaterial ist bei der Sanierung alter Baudenkm\u00e4ler unabdingbar.<br \/>\nHandwerkliches K\u00f6nnen und Erfahrung sowie das Beherrschen von Steinbearbeitungstechniken sind f\u00fcr eine originalgetreue Restaurierung unumg\u00e4nglich.<\/p>\n<figure id=\"attachment_198\" aria-describedby=\"caption-attachment-198\" style=\"width: 300px\" class=\"wp-caption alignnone\"><img loading=\"lazy\" class=\"wp-image-198 size-medium\" src=\"http:\/\/zeplin-grabmale.de\/wp-content\/uploads\/2019\/05\/7aa-300x216.jpg\" alt=\"Referenzen Restaurierung\" width=\"300\" height=\"216\" srcset=\"http:\/\/zeplin-grabmale.de\/wp-content\/uploads\/2019\/05\/7aa-300x216.jpg 300w, http:\/\/zeplin-grabmale.de\/wp-content\/uploads\/2019\/05\/7aa.jpg 682w\" sizes=\"(max-width: 300px) 100vw, 300px\" \/><figcaption id=\"caption-attachment-198\" class=\"wp-caption-text\"><a href=\"http:\/\/zeplin-grabmale.de\/?page_id=42\">Zur Galerie &#8211; Referenzen<\/a><\/figcaption><\/figure>\n","protected":false},"excerpt":{"rendered":"<p>Erhaltung &#8211; Rekonstruktion &#8211; Restaurierung historischer Baudenkm\u00e4ler Die Arbeit mit Sandstein, als historisches Baumaterial ist bei der Sanierung alter Baudenkm\u00e4ler unabdingbar. Handwerkliches K\u00f6nnen und Erfahrung sowie das Beherrschen von Steinbearbeitungstechniken sind f\u00fcr eine originalgetreue Restaurierung unumg\u00e4nglich.<\/p>\n","protected":false},"author":1,"featured_media":0,"parent":0,"menu_order":0,"comment_status":"closed","ping_status":"closed","template":"","meta":[],"_links":{"self":[{"href":"http:\/\/zeplin-grabmale.de\/index.php?rest_route=\/wp\/v2\/pages\/34"}],"collection":[{"href":"http:\/\/zeplin-grabmale.de\/index.php?rest_route=\/wp\/v2\/pages"}],"about":[{"href":"http:\/\/zeplin-grabmale.de\/index.php?rest_route=\/wp\/v2\/types\/page"}],"author":[{"embeddable":true,"href":"http:\/\/zeplin-grabmale.de\/index.php?rest_route=\/wp\/v2\/users\/1"}],"replies":[{"embeddable":true,"href":"http:\/\/zeplin-grabmale.de\/index.php?rest_route=%2Fwp%2Fv2%2Fcomments&post=34"}],"version-history":[{"count":6,"href":"http:\/\/zeplin-grabmale.de\/index.php?rest_route=\/wp\/v2\/pages\/34\/revisions"}],"predecessor-version":[{"id":392,"href":"http:\/\/zeplin-grabmale.de\/index.php?rest_route=\/wp\/v2\/pages\/34\/revisions\/392"}],"wp:attachment":[{"href":"http:\/\/zeplin-grabmale.de\/index.php?rest_route=%2Fwp%2Fv2%2Fmedia&parent=34"}],"curies":[{"name":"wp","href":"https:\/\/api.w.org\/{rel}","templated":true}]}}