{"id":24,"date":"2019-05-26T08:28:28","date_gmt":"2019-05-26T08:28:28","guid":{"rendered":"http:\/\/zeplin-grabmale.de\/?page_id=24"},"modified":"2025-01-03T07:27:25","modified_gmt":"2025-01-03T07:27:25","slug":"firma","status":"publish","type":"page","link":"http:\/\/zeplin-grabmale.de\/?page_id=24","title":{"rendered":"Firma"},"content":{"rendered":"<h3>WIR \u00dcBER UNS<\/h3>\n<p>Der Firmeninhaber, Hans-Hermann Zeplin, legte 1978 seine Meisterpr\u00fcfung ab und kann mittlerweile auf ein 44-j\u00e4hriges Firmenjubil\u00e4um zur\u00fcckblicken.<br \/>\nSeit der Gr\u00fcndung 1981 wuchs, durch systematische Erweiterung in modern ausgestattete Maschinenhallen mit Fr\u00e4s- und Schleifautomaten sowie Werkstattr\u00e4umen, ein ansehnliches Unternehmen heran.\u00a0 Ina Zeplin, Tochter des Firmeninhabers und ebenfalls Steinmetzmeisterin, wirkt seit 2016 im Unternehmen mit.<\/p>\n<p>Moderne Maschinen sowie fachm\u00e4nnisches KnowHow in der Steinbearbeitung erm\u00f6glichen es, Grabdenkm\u00e4ler ganz nach ihren individuellen Vorstellungen und W\u00fcnschen zu verwirklichen. Mit neuester professioneller Software wird dem Kunden vorab die gew\u00fcnschte Grabanlage in einer 3D Pr\u00e4sentation dargestellt.<\/p>\n<p>F\u00fcr den Erwerb und die Aufstellung eines Grabmales sollte man sich jedoch Zeit nehmen und einen f\u00e4higen und gespr\u00e4chsbereiten Grabmalschaffenden zu Rate ziehen.<br \/>\nDas Grabmal sollte etwas \u00fcber die Beziehung des Verstorbenen aussagen, es ist ein Teil \u00fcber den Tod hinaus.<br \/>\nViele gedankliche Stationen werden durchlebt, zun\u00e4chst die Trauerzeit, der Schmerz, die Angst und schlie\u00dflich die Dankbarkeit f\u00fcr das, was man\u00a0 mit dem Verstorbenen erleben durfte.<br \/>\nAn dieser Entwicklung sollte sich die Gestaltung des Grabmales orientieren.<\/p>\n","protected":false},"excerpt":{"rendered":"<p>WIR \u00dcBER UNS Der Firmeninhaber, Hans-Hermann Zeplin, legte 1978 seine Meisterpr\u00fcfung ab und kann mittlerweile auf ein 44-j\u00e4hriges Firmenjubil\u00e4um zur\u00fcckblicken. Seit der Gr\u00fcndung 1981 wuchs, durch systematische Erweiterung in modern ausgestattete Maschinenhallen mit Fr\u00e4s- und Schleifautomaten sowie Werkstattr\u00e4umen, ein ansehnliches Unternehmen heran.\u00a0 Ina Zeplin, Tochter des Firmeninhabers und ebenfalls Steinmetzmeisterin, wirkt seit 2016 im Unternehmen mit. Moderne Maschinen sowie fachm\u00e4nnisches KnowHow in der Steinbearbeitung erm\u00f6glichen es, Grabdenkm\u00e4ler ganz nach ihren&hellip;<\/p>\n","protected":false},"author":1,"featured_media":0,"parent":0,"menu_order":0,"comment_status":"closed","ping_status":"closed","template":"","meta":[],"_links":{"self":[{"href":"http:\/\/zeplin-grabmale.de\/index.php?rest_route=\/wp\/v2\/pages\/24"}],"collection":[{"href":"http:\/\/zeplin-grabmale.de\/index.php?rest_route=\/wp\/v2\/pages"}],"about":[{"href":"http:\/\/zeplin-grabmale.de\/index.php?rest_route=\/wp\/v2\/types\/page"}],"author":[{"embeddable":true,"href":"http:\/\/zeplin-grabmale.de\/index.php?rest_route=\/wp\/v2\/users\/1"}],"replies":[{"embeddable":true,"href":"http:\/\/zeplin-grabmale.de\/index.php?rest_route=%2Fwp%2Fv2%2Fcomments&post=24"}],"version-history":[{"count":11,"href":"http:\/\/zeplin-grabmale.de\/index.php?rest_route=\/wp\/v2\/pages\/24\/revisions"}],"predecessor-version":[{"id":537,"href":"http:\/\/zeplin-grabmale.de\/index.php?rest_route=\/wp\/v2\/pages\/24\/revisions\/537"}],"wp:attachment":[{"href":"http:\/\/zeplin-grabmale.de\/index.php?rest_route=%2Fwp%2Fv2%2Fmedia&parent=24"}],"curies":[{"name":"wp","href":"https:\/\/api.w.org\/{rel}","templated":true}]}}